{"id":2651,"date":"2023-10-05T12:40:33","date_gmt":"2023-10-05T10:40:33","guid":{"rendered":"https:\/\/www.electricitatsantos.cat\/?page_id=2651"},"modified":"2023-10-05T13:48:51","modified_gmt":"2023-10-05T11:48:51","slug":"politica-de-privacitat","status":"publish","type":"page","link":"https:\/\/www.electricitatsantos.cat\/ca\/politica-de-privacitat\/","title":{"rendered":"Pol\u00edtica de privacitat"},"content":{"rendered":"\n<p><strong>Responsable del Tractament<\/strong><\/p>\n\n<p>L&#8217; empresa responsable del tractament de les seves dades en virtut d&#8217; aquesta Pol\u00edtica de privacitat \u00e9s:<\/p>\n\n<ul class=\"wp-block-list\">\n<li class=\"has-small-font-size\">ELECTRICITAT I AUTOMOTISMES SANTOS, S.A.<br\/><strong>NIF<\/strong>: A60797081<\/li>\n\n\n\n<li class=\"has-small-font-size\"><strong>Domicili<\/strong>: Muntanya 12, 08740, St.Andreu de la Barca, de Barcelona (Barcelona)<\/li>\n\n\n\n<li class=\"has-small-font-size\"><strong>Adre\u00e7a de correu electr\u00f2nic<\/strong>: mireia@electricitatsantos.cat<\/li>\n\n\n\n<li class=\"has-small-font-size\"><strong>Web<\/strong>: <a href=\"https:\/\/www.electricitatsantos.cat\/ca\/\">https:\/\/www.electricitatsantos.cat<\/a><\/li>\n\n\n\n<li class=\"has-small-font-size\"><strong>Tel\u00e8fon<\/strong>: 93 682 05 10<\/li>\n\n\n\n<li class=\"has-small-font-size\">Inscrita al Registre Mercantil de Barcelona, Tom 28189, Foli 110, Secci\u00f3 8, Full 133284, Inscripci\u00f3 9.<\/li>\n\n\n\n<li class=\"has-small-font-size\">En ELECTRICITAT I AUTOMOTISMES SANTOS, S.A., reconeixem la import\u00e0ncia de protegir la seva informaci\u00f3 personal i estem compromesos a tractar-la amb responsabilitat i de conformitat amb les lleis de protecci\u00f3 de dades.<br\/>La present pol\u00edtica de privacitat pret\u00e9n regular tots els aspectes relatius al tractament de dades dels diferents usuaris que naveguen o faciliten les seves dades personals a trav\u00e9s dels diferents formularis situats a la web.<\/li>\n<\/ul>\n\n<p><strong>Dades Personals<\/strong><\/p>\n\n<p>Una dada personal, \u00e9s la informaci\u00f3 que l&#8217; identifica o el fa identificable. A trav\u00e9s del web, a les caselles establertes a l&#8217;efecte recollim les dades personals que l&#8217;usuari ens comunica: Nom, cognoms, correu electr\u00f2nic, tel\u00e8fon, adre\u00e7a postal, poblaci\u00f3, etc. aix\u00ed com totes aquelles dades que volunt\u00e0riament ens proporcioni a trav\u00e9s de qualsevol de les xarxes socials de les quals l&#8217;usuari est\u00e0 registrat. En aquest cas, la privacitat dependr\u00e0 de la pr\u00f2pia configuraci\u00f3 establerta per l&#8217; usuari aix\u00ed com dels termes i condicions de la pr\u00f2pia xarxa social.<br\/>La visita de l&#8217;usuari al web no implica que hagi de facilitar cap informaci\u00f3 sobre les seves dades personals. No obstant aix\u00f2, en cas de facilitar-les, les dades seran tractades de forma l\u00edcita amb subjecci\u00f3 en tot moment als principis i drets recollits en el RGPD 2016\/679 de 27 d&#8217;abril de 2016 i la LOPDGDD 3\/2018 del 5 de desembre.<br\/><strong>Finalitat, durada i legitimaci\u00f3 del tractament:<\/strong>Les dades que l&#8217; usuari ens proporcioni les tractarem amb les finalitats seg\u00fcents:<br\/>Atendre la sol\u00b7licitud o petici\u00f3 realitzada per l&#8217;usuari a trav\u00e9s del<strong> formulari de contacte<\/strong> situat al web. Recollim i tractem les dades personals de l&#8217;usuari per poder tramitar i gestionar la seva sol\u00b7licitud, una consulta o qualsevol petici\u00f3 que realitza a trav\u00e9s d&#8217;aquest formulari. Aquestes dades les conservarem durant el temps necessari per donar compliment a la seva petici\u00f3 i durant el temps establert per la llei amb una durada m\u00ednima de 3 anys.<br\/>La base de legitimaci\u00f3 del tractament de les dades ser\u00e0 el consentiment que atorga l&#8217; usuari en seleccionar la casella d&#8217; acceptaci\u00f3 de la nostra pol\u00edtica de privacitat abans d&#8217; enviar la petici\u00f3. L&#8217;usuari t\u00e9 dret a revocar el seu consentiment en qualsevol moment sense que aix\u00f2 afecti la licitud del tractament basat en el consentiment previ a la seva retirada.<br\/>Millorar la seva experi\u00e8ncia en navegar per la web. Aquestes dades les conservarem mentre l&#8217;usuari no revoqui el seu consentiment al tractament dels mateixos eliminant les cookies i durant el temps establert per la llei amb una durada m\u00ednima de 3 anys.<br\/>La base de legitimaci\u00f3 per millorar la seva experi\u00e8ncia en navegar per la web \u00e9s el consentiment que atorga l&#8217;usuari en acceptar les cookies. L&#8217;usuari t\u00e9 dret a revocar el seu consentiment en qualsevol moment sense que aix\u00f2 afecti la licitud del tractament basat en el consentiment previ a la seva retirada.<br\/>Gestionar les nostres <strong>xarxes socials<\/strong> i enviar-li informaci\u00f3 sobre les nostres activitats i productes. Aquestes dades les conservarem mentre l&#8217; usuari no revoqui el seu consentiment al tractament dels mateixos i durant el temps establert per la llei amb una durada m\u00ednima de 3 anys.<br\/>La base leg\u00edtima per gestionar les nostres xarxes socials i enviar-li les nostres activitats i novetats, \u00e9s el consentiment que ens atorga per a aix\u00f2. L&#8217;usuari t\u00e9 dret a revocar el seu consentiment en qualsevol moment sense que aix\u00f2 afecti la licitud del tractament basat en el consentiment previ a la seva retirada.<\/p>\n\n<p><strong>Cessi\u00f3 o comunicaci\u00f3 de dades personals i transfer\u00e8ncies internacionals:<\/strong><\/p>\n\n<p>Les seves dades no es comunicaran ni seran cedides a tercers llevat que existeixi alguna obligaci\u00f3 legal o aquells prestadors vinculats al Responsable que actuen com a encarregats del tractament.<br\/>Per dur a terme les finalitats del tractament, ELECTRICITAT I AUTOMOTISMES SANTOS, S.A., subcontractar\u00e0 el servei de missatgeria instant\u00e0nia a l&#8217;empresa WhatsApp Inc. ubicada als EUA, implicant una transfer\u00e8ncia internacional de dades. No obstant aix\u00f2, es troba adherit al Privacy Shield, acord entre la Comissi\u00f3 Europea on s&#8217;aprova el marc legal de seguretat de dades personals entre Europa i EUA.<\/p>\n\n<p><strong>Actualitzaci\u00f3 de dades<\/strong><\/p>\n\n<p>\u00c9s important que perqu\u00e8 puguem mantenir les dades personals actualitzades, l&#8217;usuari ens informi sempre que hi hagi hagut alguna modificaci\u00f3 en ells, en cas contrari, no responem de la veracitat d&#8217;aquestes.<br\/>L&#8217;usuari garanteix que les dades personals facilitades s\u00f3n veraces garantint que tota la informaci\u00f3 facilitada correspon amb la situaci\u00f3 real, que est\u00e0 actualitzada i \u00e9s exacta, quedant obligat a comunicar qualsevol modificaci\u00f3.<\/p>\n\n<p><strong>Dades de Tercers<\/strong><\/p>\n\n<p>Si l&#8217;usuari facilita dades de terceres persones per a qualsevol finalitat a ELECTRICITAT I AUTOMOTISMES SANTOS, S.A., garanteix que ha obtingut aquestes dades de forma l\u00edcita, que ha informat pr\u00e8viament els afectats, obtenint el seu consentiment per comunicar-los i que la informaci\u00f3 facilitada \u00e9s exacta i vera\u00e7.<\/p>\n\n<p><strong>Car\u00e0cter obligatori de la informaci\u00f3 demanada<\/strong><\/p>\n\n<p>Tots els nostres formularis compten amb un bifoca (*) en les dades obligat\u00f2ries. Si l&#8217;usuari no facilita aquests camps, o no marca la casella d&#8217;acceptaci\u00f3 de la pol\u00edtica de privacitat, no es permetr\u00e0 l&#8217;enviament de la informaci\u00f3.<\/p>\n\n<p><strong>\u00das de les contrasenyes<\/strong><\/p>\n\n<p>Per poder accedir a l&#8217;\u00c0rea Privada, l&#8217;USUARI haur\u00e0 d&#8217;Iniciar Sessi\u00f3 i incloure l&#8217;adre\u00e7a del correu electr\u00f2nic i contrasenya generada en el formulari de registre d&#8217;acord amb les regles de complexitat que s&#8217;estableixin en cada moment a la web.<br\/>Els usuaris s\u00f3n responsables de l&#8217;adequada cust\u00f2dia i confidencialitat de qualssevol dels identificadors i\/o contrasenyes que hagin seleccionat en el registre, i es comprometen a no cedir el seu \u00fas a tercers, ni permetre el seu acc\u00e9s a persones alienes.<br\/>Aix\u00ed mateix, ser\u00e0 obligaci\u00f3 de l&#8217;usuari notificar de forma immediata al Responsable qualsevol fet que permeti l&#8217;\u00fas indegut dels identificadors i\/o contrasenyes, com ara el robatori, l&#8217;extraviament, o l&#8217;acc\u00e9s no autoritzat als mateixos, per tal de procedir a la seva immediata cancel\u00b7laci\u00f3.<\/p>\n\n<p><strong>Drets dels interessats:<\/strong><\/p>\n\n<p>T\u00e9 dret a accedir a les seves dades i a obtenir confirmaci\u00f3 sobre el seu tractament, aix\u00ed com una c\u00f2pia de les dades personals objecte de tractament. T\u00e9 dret a actualitzar-les i sol\u00b7licitar la rectificaci\u00f3 de les dades que siguin inexactes o sol\u00b7licitar la supressi\u00f3 quan les dades no siguin necess\u00e0ries per a les finalitats per a les quals van ser recaptades. Pot sol\u00b7licitar la limitaci\u00f3 en el tractament de les seves dades i oposar-se al tractament dels mateixos revocant el seu consentiment, aix\u00ed com exercir el dret a la portabilitat de les dades. De la mateixa manera, t\u00e9 dret a no ser objecte de decisions basades \u00fanicament en el tractament automatitzat de les seves dades personals. Pot exercir els seus drets contactant amb nosaltres a Muntanya 12, 08740, St.Andreu de la Barca, de Barcelona (Barcelona). Email: mireia@electricitatsantos.cat<br\/>Si considera que els seus drets no s&#8217; han at\u00e8s degudament, t\u00e9 dret a presentar una reclamaci\u00f3 davant l&#8217; autoritat de control en www.aepd.es<\/p>\n\n<p><strong>Tractament de dades de Menors d&#8217; edat<\/strong><\/p>\n\n<p>Qui facilita les dades a trav\u00e9s dels formularis d&#8217;aquesta web i accepta el seu tractament declara ser major de 14 anys, quedant prohibit l&#8217;acc\u00e9s i \u00fas del portal a menors d&#8217;aquesta edat. Si en algun moment, el Responsable detecta que un menor de 14 anys ha proporcionat dades de car\u00e0cter personal, procedirem a la cancel\u00b7laci\u00f3 dels mateixos. Aix\u00ed mateix, els pares o tutors podran en qualsevol cas dirigir-se a ELECTRICITAT I AUTOMATISMES SANTOS, S.A. per bloquejar el compte d&#8217; acc\u00e9s dels menors al seu c\u00e0rrec que s&#8217; haguessin registrat falsejant la seva identitat.<\/p>\n\n<p><strong>R<\/strong><strong>edes socials<\/strong><\/p>\n\n<p>L&#8217;objecte de les eines com Facebook, Twitter, Instagram, etc. o altres xarxes socials \u00e9s donar visibilitat i difusi\u00f3 les activitats que desenvolupa la nostra organitzaci\u00f3. Aquestes eines emmagatzemen dades personals en els servidors dels serveis respectius i es regeixen per la seva pr\u00f2pia pol\u00edtica de privacitat. Es recomana la revisi\u00f3 i la lectura de les condicions d&#8217; \u00fas i pol\u00edtica de privacitat de la xarxa social en el moment de registrar-se, tenint en compte les diferents possibilitats de configuraci\u00f3 en relaci\u00f3 al grau de privacitat del perfil d&#8217; usuari a la xarxa social.<br\/>Aix\u00ed mateix, el Responsable es reserva el dret d&#8217; eliminar de les seves xarxes socials qualsevol informaci\u00f3 publicada per tercers que vulneri la legalitat, inciti a fer-ho o contingui missatges que atemptin contra la dignitat de persones o institucions. Com tamb\u00e9 el dret a bloquejar o denunciar el perfil autor d&#8217; aquests missatges.<\/p>\n\n<p><strong>Tractament de Cookies:<\/strong><\/p>\n\n<p>Una cookie \u00e9s un petit arxiu que es descarrega i emmagatzema a l&#8217;ordinador de l&#8217;usuari quan aquest accedeix a una p\u00e0gina web. Les Cookies permeten a la web, entre altres coses, emmagatzemar i recuperar informaci\u00f3 sobre els h\u00e0bits de navegaci\u00f3 de l&#8217;usuari o del seu equip i, depenent de la informaci\u00f3 que continguin i de la forma en qu\u00e8 utilitzi el seu equip, poden utilitzar-se per recon\u00e8ixer l&#8217;usuari.<br\/>L&#8217;usuari t\u00e9 l&#8217;opci\u00f3 d&#8217;impedir la generaci\u00f3 de cookies, mitjan\u00e7ant la selecci\u00f3 de la corresponent opci\u00f3 en el seu programa de navegador. Pot obtenir m\u00e9s informaci\u00f3 llegint la nostra Pol\u00edtica de Cookies.<\/p>\n\n<p><\/p>\n","protected":false},"excerpt":{"rendered":"<p>Responsable del Tractament L&#8217; empresa responsable del tractament de les seves dades en virtut d&#8217; aquesta Pol\u00edtica de privacitat \u00e9s: Dades Personals Una dada personal, \u00e9s la informaci\u00f3 que l&#8217; identifica o el fa identificable. A trav\u00e9s del web, a les caselles establertes a l&#8217;efecte recollim les dades personals que l&#8217;usuari ens comunica: Nom, cognoms, [&hellip;]<\/p>\n","protected":false},"author":1,"featured_media":0,"parent":0,"menu_order":0,"comment_status":"closed","ping_status":"closed","template":"","meta":{"footnotes":""},"class_list":["post-2651","page","type-page","status-publish","hentry"],"yoast_head":"<!-- This site is optimized with the Yoast SEO plugin v22.2 - https:\/\/yoast.com\/wordpress\/plugins\/seo\/ -->\n<title>Pol\u00edtica de privacitat - Electricitat i Automatismes Santos<\/title>\n<meta name=\"robots\" content=\"index, follow, max-snippet:-1, max-image-preview:large, max-video-preview:-1\" \/>\n<link rel=\"canonical\" href=\"https:\/\/www.electricitatsantos.cat\/ca\/politica-de-privacitat\/\" \/>\n<meta property=\"og:locale\" content=\"ca_ES\" \/>\n<meta property=\"og:type\" content=\"article\" \/>\n<meta property=\"og:title\" content=\"Pol\u00edtica de privacitat - Electricitat i Automatismes Santos\" \/>\n<meta property=\"og:description\" content=\"Responsable del Tractament L&#8217; empresa responsable del tractament de les seves dades en virtut d&#8217; aquesta Pol\u00edtica de privacitat \u00e9s: Dades Personals Una dada personal, \u00e9s la informaci\u00f3 que l&#8217; identifica o el fa identificable. A trav\u00e9s del web, a les caselles establertes a l&#8217;efecte recollim les dades personals que l&#8217;usuari ens comunica: Nom, cognoms, [&hellip;]\" \/>\n<meta property=\"og:url\" content=\"https:\/\/www.electricitatsantos.cat\/ca\/politica-de-privacitat\/\" \/>\n<meta property=\"og:site_name\" content=\"Electricitat i Automatismes Santos\" \/>\n<meta property=\"article:modified_time\" content=\"2023-10-05T11:48:51+00:00\" \/>\n<meta name=\"twitter:card\" content=\"summary_large_image\" \/>\n<meta name=\"twitter:label1\" content=\"Temps estimat de lectura\" \/>\n\t<meta name=\"twitter:data1\" content=\"8 minuts\" \/>\n<script type=\"application\/ld+json\" class=\"yoast-schema-graph\">{\"@context\":\"https:\/\/schema.org\",\"@graph\":[{\"@type\":\"WebPage\",\"@id\":\"https:\/\/www.electricitatsantos.cat\/ca\/politica-de-privacitat\/\",\"url\":\"https:\/\/www.electricitatsantos.cat\/ca\/politica-de-privacitat\/\",\"name\":\"Pol\u00edtica de privacitat - Electricitat i Automatismes Santos\",\"isPartOf\":{\"@id\":\"https:\/\/www.electricitatsantos.cat\/ca\/#website\"},\"datePublished\":\"2023-10-05T10:40:33+00:00\",\"dateModified\":\"2023-10-05T11:48:51+00:00\",\"breadcrumb\":{\"@id\":\"https:\/\/www.electricitatsantos.cat\/ca\/politica-de-privacitat\/#breadcrumb\"},\"inLanguage\":\"ca\",\"potentialAction\":[{\"@type\":\"ReadAction\",\"target\":[\"https:\/\/www.electricitatsantos.cat\/ca\/politica-de-privacitat\/\"]}]},{\"@type\":\"BreadcrumbList\",\"@id\":\"https:\/\/www.electricitatsantos.cat\/ca\/politica-de-privacitat\/#breadcrumb\",\"itemListElement\":[{\"@type\":\"ListItem\",\"position\":1,\"name\":\"Portada\",\"item\":\"https:\/\/www.electricitatsantos.cat\/ca\/\"},{\"@type\":\"ListItem\",\"position\":2,\"name\":\"Pol\u00edtica de privacitat\"}]},{\"@type\":\"WebSite\",\"@id\":\"https:\/\/www.electricitatsantos.cat\/ca\/#website\",\"url\":\"https:\/\/www.electricitatsantos.cat\/ca\/\",\"name\":\"Electricitat i Automatismes Santos\",\"description\":\"Todo lo relacionado a proyectos de modernizaci\u00f3n e ingenier\u00eda\",\"publisher\":{\"@id\":\"https:\/\/www.electricitatsantos.cat\/ca\/#organization\"},\"potentialAction\":[{\"@type\":\"SearchAction\",\"target\":{\"@type\":\"EntryPoint\",\"urlTemplate\":\"https:\/\/www.electricitatsantos.cat\/ca\/?s={search_term_string}\"},\"query-input\":\"required name=search_term_string\"}],\"inLanguage\":\"ca\"},{\"@type\":\"Organization\",\"@id\":\"https:\/\/www.electricitatsantos.cat\/ca\/#organization\",\"name\":\"Electricitat i Automatismes Santos\",\"url\":\"https:\/\/www.electricitatsantos.cat\/ca\/\",\"logo\":{\"@type\":\"ImageObject\",\"inLanguage\":\"ca\",\"@id\":\"https:\/\/www.electricitatsantos.cat\/ca\/#\/schema\/logo\/image\/\",\"url\":\"https:\/\/www.electricitatsantos.cat\/wp-content\/uploads\/2023\/09\/logo-santos.jpeg\",\"contentUrl\":\"https:\/\/www.electricitatsantos.cat\/wp-content\/uploads\/2023\/09\/logo-santos.jpeg\",\"width\":693,\"height\":283,\"caption\":\"Electricitat i Automatismes Santos\"},\"image\":{\"@id\":\"https:\/\/www.electricitatsantos.cat\/ca\/#\/schema\/logo\/image\/\"}}]}<\/script>\n<!-- \/ Yoast SEO plugin. -->","yoast_head_json":{"title":"Pol\u00edtica de privacitat - Electricitat i Automatismes Santos","robots":{"index":"index","follow":"follow","max-snippet":"max-snippet:-1","max-image-preview":"max-image-preview:large","max-video-preview":"max-video-preview:-1"},"canonical":"https:\/\/www.electricitatsantos.cat\/ca\/politica-de-privacitat\/","og_locale":"ca_ES","og_type":"article","og_title":"Pol\u00edtica de privacitat - Electricitat i Automatismes Santos","og_description":"Responsable del Tractament L&#8217; empresa responsable del tractament de les seves dades en virtut d&#8217; aquesta Pol\u00edtica de privacitat \u00e9s: Dades Personals Una dada personal, \u00e9s la informaci\u00f3 que l&#8217; identifica o el fa identificable. A trav\u00e9s del web, a les caselles establertes a l&#8217;efecte recollim les dades personals que l&#8217;usuari ens comunica: Nom, cognoms, [&hellip;]","og_url":"https:\/\/www.electricitatsantos.cat\/ca\/politica-de-privacitat\/","og_site_name":"Electricitat i Automatismes Santos","article_modified_time":"2023-10-05T11:48:51+00:00","twitter_card":"summary_large_image","twitter_misc":{"Temps estimat de lectura":"8 minuts"},"schema":{"@context":"https:\/\/schema.org","@graph":[{"@type":"WebPage","@id":"https:\/\/www.electricitatsantos.cat\/ca\/politica-de-privacitat\/","url":"https:\/\/www.electricitatsantos.cat\/ca\/politica-de-privacitat\/","name":"Pol\u00edtica de privacitat - Electricitat i Automatismes Santos","isPartOf":{"@id":"https:\/\/www.electricitatsantos.cat\/ca\/#website"},"datePublished":"2023-10-05T10:40:33+00:00","dateModified":"2023-10-05T11:48:51+00:00","breadcrumb":{"@id":"https:\/\/www.electricitatsantos.cat\/ca\/politica-de-privacitat\/#breadcrumb"},"inLanguage":"ca","potentialAction":[{"@type":"ReadAction","target":["https:\/\/www.electricitatsantos.cat\/ca\/politica-de-privacitat\/"]}]},{"@type":"BreadcrumbList","@id":"https:\/\/www.electricitatsantos.cat\/ca\/politica-de-privacitat\/#breadcrumb","itemListElement":[{"@type":"ListItem","position":1,"name":"Portada","item":"https:\/\/www.electricitatsantos.cat\/ca\/"},{"@type":"ListItem","position":2,"name":"Pol\u00edtica de privacitat"}]},{"@type":"WebSite","@id":"https:\/\/www.electricitatsantos.cat\/ca\/#website","url":"https:\/\/www.electricitatsantos.cat\/ca\/","name":"Electricitat i Automatismes Santos","description":"Todo lo relacionado a proyectos de modernizaci\u00f3n e ingenier\u00eda","publisher":{"@id":"https:\/\/www.electricitatsantos.cat\/ca\/#organization"},"potentialAction":[{"@type":"SearchAction","target":{"@type":"EntryPoint","urlTemplate":"https:\/\/www.electricitatsantos.cat\/ca\/?s={search_term_string}"},"query-input":"required name=search_term_string"}],"inLanguage":"ca"},{"@type":"Organization","@id":"https:\/\/www.electricitatsantos.cat\/ca\/#organization","name":"Electricitat i Automatismes Santos","url":"https:\/\/www.electricitatsantos.cat\/ca\/","logo":{"@type":"ImageObject","inLanguage":"ca","@id":"https:\/\/www.electricitatsantos.cat\/ca\/#\/schema\/logo\/image\/","url":"https:\/\/www.electricitatsantos.cat\/wp-content\/uploads\/2023\/09\/logo-santos.jpeg","contentUrl":"https:\/\/www.electricitatsantos.cat\/wp-content\/uploads\/2023\/09\/logo-santos.jpeg","width":693,"height":283,"caption":"Electricitat i Automatismes Santos"},"image":{"@id":"https:\/\/www.electricitatsantos.cat\/ca\/#\/schema\/logo\/image\/"}}]}},"_links":{"self":[{"href":"https:\/\/www.electricitatsantos.cat\/ca\/wp-json\/wp\/v2\/pages\/2651","targetHints":{"allow":["GET"]}}],"collection":[{"href":"https:\/\/www.electricitatsantos.cat\/ca\/wp-json\/wp\/v2\/pages"}],"about":[{"href":"https:\/\/www.electricitatsantos.cat\/ca\/wp-json\/wp\/v2\/types\/page"}],"author":[{"embeddable":true,"href":"https:\/\/www.electricitatsantos.cat\/ca\/wp-json\/wp\/v2\/users\/1"}],"replies":[{"embeddable":true,"href":"https:\/\/www.electricitatsantos.cat\/ca\/wp-json\/wp\/v2\/comments?post=2651"}],"version-history":[{"count":3,"href":"https:\/\/www.electricitatsantos.cat\/ca\/wp-json\/wp\/v2\/pages\/2651\/revisions"}],"predecessor-version":[{"id":3871,"href":"https:\/\/www.electricitatsantos.cat\/ca\/wp-json\/wp\/v2\/pages\/2651\/revisions\/3871"}],"wp:attachment":[{"href":"https:\/\/www.electricitatsantos.cat\/ca\/wp-json\/wp\/v2\/media?parent=2651"}],"curies":[{"name":"wp","href":"https:\/\/api.w.org\/{rel}","templated":true}]}}